{"id":5220,"date":"2026-01-20T17:17:09","date_gmt":"2026-01-20T16:17:09","guid":{"rendered":"https:\/\/www.ambitomesagne.it\/ambito\/?page_id=5220"},"modified":"2026-01-20T17:17:10","modified_gmt":"2026-01-20T16:17:10","slug":"assegno-di-inclusione-adi","status":"publish","type":"page","link":"https:\/\/www.ambitomesagne.it\/ambito\/assegno-di-inclusione-adi\/","title":{"rendered":"Assegno di Inclusione (ADI)"},"content":{"rendered":"<div id=\"pl-5220\"  class=\"panel-layout\" ><div id=\"pg-5220-0\"  class=\"panel-grid panel-no-style\" ><div id=\"pgc-5220-0-0\"  class=\"panel-grid-cell\" ><div id=\"panel-5220-0-0-0\" class=\"so-panel widget widget_text panel-first-child panel-last-child\" data-index=\"0\" ><h3 class=\"widget-title\">Assegno di Inclusione (ADI)<\/h3>\t\t\t<div class=\"textwidget\"><p><strong><u>Assegno di Inclusione (ADI)<\/u><\/strong><\/p>\n<p><strong>L\u2019Assegno di Inclusione (ADI)<\/strong>\u00a0\u00e8 una misura nazionale di contrasto alla povert\u00e0, alla fragilit\u00e0 e all\u2019esclusione sociale delle fasce deboli attraverso percorsi di inserimento sociale, nonch\u00e9 di formazione, di lavoro e di politica attiva del lavoro, istituita a decorrere dal 1\u00b0 gennaio 2024 dall\u2019articolo 1 1 del decreto-legge 4 maggio 2023, n. 48, convertito con modificazioni dalla legge 3 luglio 2023, n. 85.<\/p>\n<p>L\u2019<strong>ADI<\/strong>\u00a0consiste in un\u00a0<strong>sostegno economico e di inclusione sociale e professionale<\/strong>, condizionato alla prova dei mezzi e all\u2019adesione a un percorso personalizzato di attivazione e di inclusione sociale e lavorativa. Si compone di due parti: un\u2019integrazione del reddito familiare fino a una soglia (quota A) e un sostegno per i nuclei residenti in abitazione concessa in locazione con contratto ritualmente registrato (quota B).<\/p>\n<p>Tutti i dettagli sono disponibili accedendo al Portale Inps:\u00a0<a href=\"https:\/\/www.inps.it\/it\/it\/dettaglio-scheda.it.schede-servizio-strumento.schede-servizi.assegno-di-inclusione-adi.html\">https:\/\/www.inps.it\/it\/it\/dettaglio-scheda.it.schede-servizio-strumento.schede-servizi.assegno-di-inclusione-adi.html<\/a>.<\/p>\n<p><strong>Sottoscrizione patto per l\u2019inclusione.<\/strong>\u00a0I beneficiari dell\u2019ADI, anche se esclusi dagli obblighi di attivazione lavorativa, sono comunque tenuti ad aderire ad un percorso personalizzato di inclusione sociale attraverso la sottoscrizione del patto di inclusione, ai sensi dell\u2019articolo 6, comma 1, del decreto-legge n. 48 del 2023, fatta eccezione \u00a0per i componenti del nucleo\u00a0 di et\u00e0 compresa tra i 18 e i 59 anni, senza responsabilit\u00e0 genitoriali ed esclusi dalla scala di equivalenza che possono aderire alle attivit\u00e0 di attivazione lavorativa nell\u2019ambito del SFL, che sono pertanto esclusi dagli obblighi nell\u2019ambito dell\u2019ADI, e per i componenti con disabilit\u00e0 o di et\u00e0 pari o superiore a 60 anni o inseriti nei percorsi di protezione relativi alla violenza di genere che possono comunque richiedere l\u2019adesione volontaria. Nei casi di sottoscrizione del patto di servizio personalizzato questo pu\u00f2 prevedere anche l\u2019adesione ai servizi al lavoro e ai percorsi formativi del Programma nazionale per la Garanzia occupabilit\u00e0 dei lavoratori (GOL), di cui alla Missione 5, Componente 1, del PNRR. I soggetti beneficiari sono in carico ai servizi sociali dei rispettivi comuni di residenza.<\/p>\n<\/div>\n\t\t<\/div><\/div><div id=\"pgc-5220-0-1\"  class=\"panel-grid-cell\" ><div id=\"panel-5220-0-1-0\" class=\"so-panel widget widget_nav_menu panel-first-child panel-last-child\" data-index=\"1\" ><h3 class=\"widget-title\">Servizi<\/h3><div class=\"menu-servizi-container\"><ul id=\"menu-servizi\" class=\"menu\"><li id=\"menu-item-1350\" class=\"menu-item menu-item-type-post_type menu-item-object-page menu-item-1350\"><a href=\"https:\/\/www.ambitomesagne.it\/ambito\/voucher-di-conciliazione-infanzia-e-adolescenza-2\/\">Voucher di conciliazione infanzia e adolescenza<\/a><\/li>\n<li id=\"menu-item-1351\" class=\"menu-item menu-item-type-post_type menu-item-object-page menu-item-1351\"><a href=\"https:\/\/www.ambitomesagne.it\/ambito\/ade-assistenza-educativa-domiciliare-art-87-bis-r-r-n-4-2007-2\/\">ADE \u2013 Assistenza Educativa Domiciliare (Art. 87 Bis R.R. N.4\/2007)<\/a><\/li>\n<li id=\"menu-item-1352\" class=\"menu-item menu-item-type-post_type menu-item-object-page menu-item-1352\"><a href=\"https:\/\/www.ambitomesagne.it\/ambito\/centro-ascolto-famiglie-2-2\/\">Centro Ascolto Famiglie<\/a><\/li>\n<li id=\"menu-item-5224\" class=\"menu-item menu-item-type-post_type menu-item-object-page menu-item-5224\"><a href=\"https:\/\/www.ambitomesagne.it\/ambito\/assegno-di-inclusione-adi\/\">Assegno di Inclusione (ADI)<\/a><\/li>\n<li id=\"menu-item-5225\" class=\"menu-item menu-item-type-post_type menu-item-object-page menu-item-5225\"><a href=\"https:\/\/www.ambitomesagne.it\/ambito\/reddito-di-dignita-2\/\">Reddito di Dignit\u00e0<\/a><\/li>\n<li id=\"menu-item-1353\" class=\"menu-item menu-item-type-post_type menu-item-object-page menu-item-1353\"><a href=\"https:\/\/www.ambitomesagne.it\/ambito\/pippi\/\">P.I.P.P.I<\/a><\/li>\n<li id=\"menu-item-1356\" class=\"menu-item menu-item-type-post_type menu-item-object-page menu-item-1356\"><a href=\"https:\/\/www.ambitomesagne.it\/ambito\/sad-servizio-di-assistenza-domiciliare-art-87-r-r-n-4-2007-2\/\">SAD \u2013 Servizio Di Assistenza Domiciliare (Art.87 R.R. N.4\/2007)<\/a><\/li>\n<li id=\"menu-item-1357\" class=\"menu-item menu-item-type-post_type menu-item-object-page menu-item-1357\"><a href=\"https:\/\/www.ambitomesagne.it\/ambito\/adi-servizio-di-assistenza-domiciliare-integrata-art-88-r-r-n-4-2007-2\/\">ADI \u2013 Servizio Di Assistenza Domiciliare Integrata (Art. 88 R.R. N.4\/2007)<\/a><\/li>\n<li id=\"menu-item-1358\" class=\"menu-item menu-item-type-post_type menu-item-object-page menu-item-1358\"><a href=\"https:\/\/www.ambitomesagne.it\/ambito\/buoni-servizio-anziani-e-disabili-2\/\">Buoni Servizio Anziani E Disabili<\/a><\/li>\n<li id=\"menu-item-1359\" class=\"menu-item menu-item-type-post_type menu-item-object-page menu-item-1359\"><a href=\"https:\/\/www.ambitomesagne.it\/ambito\/pro-v-i-e-pro-v-i-dopo-di-noi-2\/\">Pro.V.I E Pro.V.I Dopo Di Noi<\/a><\/li>\n<li id=\"menu-item-1360\" class=\"menu-item menu-item-type-post_type menu-item-object-page menu-item-1360\"><a href=\"https:\/\/www.ambitomesagne.it\/ambito\/integrazione-scolastica-specialistica-2\/\">Integrazione Scolastica Specialistica<\/a><\/li>\n<li id=\"menu-item-1361\" class=\"menu-item menu-item-type-post_type menu-item-object-page menu-item-1361\"><a href=\"https:\/\/www.ambitomesagne.it\/ambito\/contrasto-del-maltrattamento-e-della-violenza-2\/\">Contrasto del maltrattamento e della violenza<\/a><\/li>\n<li id=\"menu-item-1362\" class=\"menu-item menu-item-type-post_type menu-item-object-page menu-item-1362\"><a href=\"https:\/\/www.ambitomesagne.it\/ambito\/prevenzione-delle-dipendenze-patologiche-2\/\">Prevenzione delle dipendenze patologiche<\/a><\/li>\n<\/ul><\/div><\/div><\/div><\/div><\/div>","protected":false},"excerpt":{"rendered":"<p>Assegno di Inclusione (ADI) L\u2019Assegno di Inclusione (ADI)\u00a0\u00e8 una misura nazionale di contrasto alla povert\u00e0, alla fragilit\u00e0 e all\u2019esclusione sociale delle fasce deboli attraverso percorsi &#8230; <\/p>\n","protected":false},"author":1,"featured_media":0,"parent":0,"menu_order":0,"comment_status":"closed","ping_status":"closed","template":"home.php","meta":[],"_links":{"self":[{"href":"https:\/\/www.ambitomesagne.it\/ambito\/wp-json\/wp\/v2\/pages\/5220"}],"collection":[{"href":"https:\/\/www.ambitomesagne.it\/ambito\/wp-json\/wp\/v2\/pages"}],"about":[{"href":"https:\/\/www.ambitomesagne.it\/ambito\/wp-json\/wp\/v2\/types\/page"}],"author":[{"embeddable":true,"href":"https:\/\/www.ambitomesagne.it\/ambito\/wp-json\/wp\/v2\/users\/1"}],"replies":[{"embeddable":true,"href":"https:\/\/www.ambitomesagne.it\/ambito\/wp-json\/wp\/v2\/comments?post=5220"}],"version-history":[{"count":2,"href":"https:\/\/www.ambitomesagne.it\/ambito\/wp-json\/wp\/v2\/pages\/5220\/revisions"}],"predecessor-version":[{"id":5222,"href":"https:\/\/www.ambitomesagne.it\/ambito\/wp-json\/wp\/v2\/pages\/5220\/revisions\/5222"}],"wp:attachment":[{"href":"https:\/\/www.ambitomesagne.it\/ambito\/wp-json\/wp\/v2\/media?parent=5220"}],"curies":[{"name":"wp","href":"https:\/\/api.w.org\/{rel}","templated":true}]}}